

{"id":1758,"date":"2019-01-13T19:00:51","date_gmt":"2019-01-13T17:00:51","guid":{"rendered":"https:\/\/ismile.ee\/privacy-policy\/"},"modified":"2019-02-23T21:07:23","modified_gmt":"2019-02-23T19:07:23","slug":"privacy-policy","status":"publish","type":"page","link":"https:\/\/ismile.ee\/en\/privacy-policy\/","title":{"rendered":"Privacy policy"},"content":{"rendered":"\n<h1 class=\"wp-block-heading\">Privacy policy<\/h1>\n\n<p>Hambake O\u00dc (further on\u00a0iSmile.ee)\u00a0has taken the responsibility to protect its customers and users privacy. Based on those principles we have compiled this privacy policy which describe collection of data, usage, publishing, forwarding and storing. Our activity online is in compliance with all the relevant activities, laws and regulations stated by the European Union and Estonia. Find a bit of time and review them!<\/p>\n\n<p><strong>\r\nCollection and usage of personal details\r\n<\/strong>Personal details is the data which can be associated directly or indirectly with You. These are the details that iSmile.ee collects and processes to fulfill the contract agreed with an individual or to contact them and to fulfill obligations defined by law and regulations. Personal details may be collected in the following ways:<\/p>\n\n<ul>\n<li>contact details (incl. your name, ID code, postal address, phone number, e-mail address, preferred contact method) entered into our website;<\/li>\n<li>by using the website from your account info or by cookies<\/li>\n<li>by purchasing or completing an order and filling out your contact details or purchase preferences on our website.\u00a0 iSmile.ee may ask at certain areas on the website for you to voluntarily provide personal details and information. Those details may include name, address, postal code, e-mail, phone number and other details.<\/li>\n<\/ul>\n<p><strong>Collecting other details<\/strong>\r\nWe also collect &#8220;indirect&#8221; details &#8211; data which cannot be directly associated with any individual (sex, age, language preference, location etc).<\/p>\n\n<p>We may also collect details about the activity of visitors on our website. These details will be combined and used for the purposes of being able to provide customers with more useful information and to understand which parts of the website, products and services are most interesting for our users.\u00a0<\/p>\n\n<p><strong>Collected personal details usage and storing<\/strong><\/p>\n\n<p>Collected personal details help us advise iSmile.ee customers of product news, campaigns and upcoming events. If a customer does not wish to receive our newsletters or to receive other types of notifications can remove themselves from the recipients list at all times.<\/p>\n\n<p>We also use the collected personal details to deliver products and to fulfill our obligations towards the customer.\r\n\r\nBy accepting our privacy policy the customer agrees and approves iSmile.ee to automatically process all details and data.\u00a0 The customer can always revoke this approval via our website or by sending an e-mail. The request will have no effect on the historical activities.\r\n\r\nIn order to offer the best service iSmile.ee can disclose information about individual customers to third parties who provide iSmile.ee with a service and have contractually agreed to keep the information confidential. Example of a third party is a partner who provides the delivery service for our products or an advertising agency like Google. iSmile.ee e-shop is the responsible processor of personal details, in order to process payments we forward the relevant personal details to approved payment merchant Maksekeskus AS.\r\n\r\nCustomers personal details and data will be stored by iSmile.ee until the customer expresses the wish for the personal details and data to be removed. Personal details and data which iSmile.ee needs to store due to regulation or laws (for example accounting and financial data), will be stored for the duration that is described in the relevant law or regulation.\r\n\r\n<strong>Personal details and data protection<\/strong>\r\niSmile.ee applies all required and relevant methods (incl. administrative, technical and physical methods) in order to protect the clients personal details and data. Access to process and change the details and data is only given to authorized persons.<\/p>\n\n<p>Kui kahtlustad, et Sinu isikuandmetega on toimitud vastupidiselt k\u00e4esolevas privaatsuspoliitikas kirjeldatule v\u00f5i on oht, et Sinu andmed on lekkinud v\u00f5\u00f5rastele isikutele, anna meile sellest koheselt teada. Ainult nii saame hoida potentsiaalse kahju v\u00f5imalikult v\u00e4ikesena.<br><br>Kliendil on \u00f5igus n\u00f5uda oma andmete t\u00f6\u00f6tlemise l\u00f5petamist, teavet andmete kasutamise kohta ning andmete edastamist endale v\u00f5i kolmandale isikule \u00fcldkasutatavas vormingus. V\u00e4ltimaks kliendi andmete ja \u00f5iguste v\u00e4\u00e4rkasutust on taotlusi lubatud esitada \u00fcksnes vormis, kus taotleja isik on tuvastatav (digitaalselt allkirjastatud). Meil on \u00f5igus sellistele taotlustele vastata 30 p\u00e4eva jooksul.\u00a0<br><br><strong>Turvalisus<\/strong><br>K\u00f5ik ismile.ee e-poe k\u00fclastamise ja ostude sooritamise k\u00e4igus teatavaks saanud kliendi isikuandmeid k\u00e4sitletakse, kui konfidentsiaalset infot. Kr\u00fcpteeritud andmesidekanal pankadega tagab ostu sooritaja isikuandmete ja pangarekvisiitide turvalisuse. E-pood kasutab teenuste pakkumiseks Woocommerce e-kommerts platvormi.<br><br><strong>Privaatsuspoliitika tingimused ja muudatused<\/strong><br>Meie veebisaiti kasutama asudes oled k\u00e4esolevate p\u00f5him\u00f5tete ja tingimustega tutvunud ning nendega n\u00f5ustunud. J\u00e4tame endale \u00f5iguse vajadusel privaatsuspoliitika \u00fcldtingimusi muuta, teavitades sellest k\u00f5iki kliente, kuid anname oma parima, et hoida meie privaatsuspoliitika ajakohase ja Sinule k\u00e4ttesaadavana meie kodulehel.<br><br>K\u00f5igi privaatsuspoliitika v\u00f5i andmet\u00f6\u00f6tluse kohta tekkivate k\u00fcsimuste v\u00f5i muredega palume v\u00f5tta \u00fchendust aadressil info@ismile.ee<br><br>Sul on alati \u00f5igus p\u00f6\u00f6rduda oma andmete kaitsmiseks Andmekaitse Inspektsiooni poole. Andmekaitse Inspektsiooni n\u00e4ol on tegemist riikliku asutusega, mille poole on v\u00f5imalik p\u00f6\u00f6rduda ka isikuandmete kaitse teemadel konsultatsiooni v\u00f5i abi saamiseks.<\/p>\n","protected":false},"excerpt":{"rendered":"<p>Privacy policy Hambake O\u00dc (further on\u00a0iSmile.ee)\u00a0has taken the responsibility to protect its customers and users privacy. Based on those principles we have compiled this privacy policy which describe collection of data, usage, publishing, forwarding and storing. Our activity online is in compliance with all the relevant activities, laws and regulations stated by the European Union and Estonia. Find a bit &#8230;<\/p>\n","protected":false},"author":1,"featured_media":0,"parent":0,"menu_order":0,"comment_status":"closed","ping_status":"closed","template":"","meta":{"footnotes":""},"jetpack_sharing_enabled":true,"jetpack_shortlink":"https:\/\/wp.me\/PaC457-sm","_links":{"self":[{"href":"https:\/\/ismile.ee\/en\/wp-json\/wp\/v2\/pages\/1758"}],"collection":[{"href":"https:\/\/ismile.ee\/en\/wp-json\/wp\/v2\/pages"}],"about":[{"href":"https:\/\/ismile.ee\/en\/wp-json\/wp\/v2\/types\/page"}],"author":[{"embeddable":true,"href":"https:\/\/ismile.ee\/en\/wp-json\/wp\/v2\/users\/1"}],"replies":[{"embeddable":true,"href":"https:\/\/ismile.ee\/en\/wp-json\/wp\/v2\/comments?post=1758"}],"version-history":[{"count":1,"href":"https:\/\/ismile.ee\/en\/wp-json\/wp\/v2\/pages\/1758\/revisions"}],"predecessor-version":[{"id":1759,"href":"https:\/\/ismile.ee\/en\/wp-json\/wp\/v2\/pages\/1758\/revisions\/1759"}],"wp:attachment":[{"href":"https:\/\/ismile.ee\/en\/wp-json\/wp\/v2\/media?parent=1758"}],"curies":[{"name":"wp","href":"https:\/\/api.w.org\/{rel}","templated":true}]}}