

{"id":18859,"date":"2019-12-17T22:03:04","date_gmt":"2019-12-17T20:03:04","guid":{"rendered":"https:\/\/ismile.ee\/?post_type=product&#038;p=18859"},"modified":"2025-06-30T23:01:34","modified_gmt":"2025-06-30T21:01:34","slug":"collagen-face-mask","status":"publish","type":"product","link":"https:\/\/ismile.ee\/en\/pood\/collagen-face-mask\/","title":{"rendered":"Collagen face mask"},"content":{"rendered":"<h1>Kollageeni n\u00e4omask noorendab nahka<\/h1>\n<p>Kollageeni n\u00e4omask, mis on vananemisvastaste ainetega loodud sinu n\u00e4onaha turgutamiseks.<\/p>\n<p>Hoolitsege oma n\u00e4onaha eest luksuslikult kasutades kangasmaski, milles on kala kollageen ning rohkelt 24 karaadist kullatolmu ja vananemisvastaseid ekstrakte, et saavutada silmatorkavalt siledam ja niisutatum nahk.<span class=\"Apple-converted-space\">\u00a0<\/span><\/p>\n<ul>\n<li>Vananemisvastane mask<\/li>\n<li>S\u00fcgavalt niisutav<\/li>\n<\/ul>\n<p><strong>Kasutamine:<\/strong><\/p>\n<ol>\n<li>Puhastage n\u00e4gu<\/li>\n<li>Kandke n\u00e4omask n\u00e4ole<\/li>\n<li>L\u00f5\u00f5gastuge 20 minutit<\/li>\n<li>Eemaldage mask ja tupsutage j\u00e4relej\u00e4\u00e4nud vedelik naha sisse<\/li>\n<\/ol>\n<p><center><iframe loading=\"lazy\" src=\"https:\/\/www.youtube.com\/embed\/A0L-fFzAeLA\" width=\"560\" height=\"315\" frameborder=\"0\" allowfullscreen=\"allowfullscreen\" data-mce-fragment=\"1\"><\/iframe><\/center><\/p>\n","protected":false},"excerpt":{"rendered":"<p>Kollageeni n\u00e4omask noorendab nahka Kollageeni n\u00e4omask, mis on vananemisvastaste ainetega loodud sinu n\u00e4onaha turgutamiseks. Hoolitsege oma n\u00e4onaha eest luksuslikult kasutades kangasmaski, milles on kala kollageen ning rohkelt 24 karaadist kullatolmu ja vananemisvastaseid ekstrakte, et saavutada silmatorkavalt siledam ja niisutatum nahk.\u00a0 Vananemisvastane mask S\u00fcgavalt niisutav Kasutamine: Puhastage n\u00e4gu Kandke n\u00e4omask n\u00e4ole L\u00f5\u00f5gastuge 20 minutit Eemaldage mask ja tupsutage j\u00e4relej\u00e4\u00e4nud vedelik naha &#8230;<\/p>\n","protected":false},"featured_media":15890,"comment_status":"open","ping_status":"closed","template":"","meta":[],"product_cat":[131,896],"product_tag":[190,304],"jetpack_sharing_enabled":true,"price":"6","stock":"outofstock","image":"<img width=\"300\" height=\"300\" src=\"https:\/\/i0.wp.com\/ismile.ee\/wp-content\/uploads\/2019\/12\/kala-kollageen-naomask.jpg?resize=300%2C300&amp;ssl=1\" class=\"attachment-woocommerce_thumbnail size-woocommerce_thumbnail\" alt=\"kala kollageen naomask\" decoding=\"async\" loading=\"lazy\" srcset=\"https:\/\/i0.wp.com\/ismile.ee\/wp-content\/uploads\/2019\/12\/kala-kollageen-naomask.jpg?resize=150%2C150&amp;ssl=1 150w, https:\/\/i0.wp.com\/ismile.ee\/wp-content\/uploads\/2019\/12\/kala-kollageen-naomask.jpg?resize=85%2C85&amp;ssl=1 85w, https:\/\/i0.wp.com\/ismile.ee\/wp-content\/uploads\/2019\/12\/kala-kollageen-naomask.jpg?resize=50%2C50&amp;ssl=1 50w, https:\/\/i0.wp.com\/ismile.ee\/wp-content\/uploads\/2019\/12\/kala-kollageen-naomask.jpg?resize=300%2C300&amp;ssl=1 300w, https:\/\/i0.wp.com\/ismile.ee\/wp-content\/uploads\/2019\/12\/kala-kollageen-naomask.jpg?resize=32%2C32&amp;ssl=1 32w, https:\/\/i0.wp.com\/ismile.ee\/wp-content\/uploads\/2019\/12\/kala-kollageen-naomask.jpg?zoom=2&amp;resize=300%2C300&amp;ssl=1 600w\" sizes=\"(max-width: 300px) 100vw, 300px\" \/>","_links":{"self":[{"href":"https:\/\/ismile.ee\/en\/wp-json\/wp\/v2\/product\/18859"}],"collection":[{"href":"https:\/\/ismile.ee\/en\/wp-json\/wp\/v2\/product"}],"about":[{"href":"https:\/\/ismile.ee\/en\/wp-json\/wp\/v2\/types\/product"}],"replies":[{"embeddable":true,"href":"https:\/\/ismile.ee\/en\/wp-json\/wp\/v2\/comments?post=18859"}],"wp:featuredmedia":[{"embeddable":true,"href":"https:\/\/ismile.ee\/en\/wp-json\/wp\/v2\/media\/15890"}],"wp:attachment":[{"href":"https:\/\/ismile.ee\/en\/wp-json\/wp\/v2\/media?parent=18859"}],"wp:term":[{"taxonomy":"product_cat","embeddable":true,"href":"https:\/\/ismile.ee\/en\/wp-json\/wp\/v2\/product_cat?post=18859"},{"taxonomy":"product_tag","embeddable":true,"href":"https:\/\/ismile.ee\/en\/wp-json\/wp\/v2\/product_tag?post=18859"}],"curies":[{"name":"wp","href":"https:\/\/api.w.org\/{rel}","templated":true}]}}