

{"id":18865,"date":"2019-12-17T21:24:25","date_gmt":"2019-12-17T19:24:25","guid":{"rendered":"https:\/\/ismile.ee\/?post_type=product&#038;p=18865"},"modified":"2025-06-30T23:01:34","modified_gmt":"2025-06-30T21:01:34","slug":"multivitamin-sheet-mask","status":"publish","type":"product","link":"https:\/\/ismile.ee\/en\/pood\/multivitamin-sheet-mask\/","title":{"rendered":"Multivitamin sheet mask for best skincare"},"content":{"rendered":"<h1>Multivitamiin kangasmaskis<\/h1>\n<p>Vitamasques multivitamiinimask on rikastatud B-, C- ja E- vitamiinidega, et taastada naha s\u00e4ra ja toita intensiivselt nahka.<span class=\"Apple-converted-space\">\u00a0<\/span><\/p>\n<p>Veagn s\u00f5bralik!<\/p>\n<p>Regulaarne n\u00e4onaha rikastamine vitamiinidega on n\u00e4ohoolduses v\u00e4ga oluline, et nahk oleks niisutatud ja nooruslik. Taastage oma n\u00e4onaha s\u00e4ra peale p\u00e4ikese v\u00f5ttu v\u00f5i k\u00fclmal ja pimedal perioodil vitamiinimaskiga mis sisaldab B3, B5, B6, C ja E vitamiine.<span class=\"Apple-converted-space\">\u00a0<\/span><\/p>\n<ul>\n<li>Toidab nahka<\/li>\n<li>Muudab naha s\u00e4ravaks<\/li>\n<\/ul>\n<p><strong>Kasutusjuhend:<\/strong><\/p>\n<ol>\n<li>Puhastage n\u00e4gu (eriti hea kui koorite eelnevalt n\u00e4o, kasutades n\u00e4iteks n\u00e4iteks meie n\u00e4okoorijat)<\/li>\n<li>Kandke kangasmask n\u00e4ole<\/li>\n<li>L\u00f5\u00f5gastuge 20 minutit<\/li>\n<li>Eemaldage mask ja tupsutage j\u00e4relej\u00e4\u00e4nud vedelik naha sisse<\/li>\n<\/ol>\n","protected":false},"excerpt":{"rendered":"<p>Multivitamiin kangasmaskis Vitamasques multivitamiinimask on rikastatud B-, C- ja E- vitamiinidega, et taastada naha s\u00e4ra ja toita intensiivselt nahka.\u00a0 Veagn s\u00f5bralik! Regulaarne n\u00e4onaha rikastamine vitamiinidega on n\u00e4ohoolduses v\u00e4ga oluline, et nahk oleks niisutatud ja nooruslik. Taastage oma n\u00e4onaha s\u00e4ra peale p\u00e4ikese v\u00f5ttu v\u00f5i k\u00fclmal ja pimedal perioodil vitamiinimaskiga mis sisaldab B3, B5, B6, C ja E vitamiine.\u00a0 Toidab nahka Muudab &#8230;<\/p>\n","protected":false},"featured_media":15938,"comment_status":"open","ping_status":"closed","template":"","meta":[],"product_cat":[131,896],"product_tag":[304,207,192],"jetpack_sharing_enabled":true,"price":"7.06","stock":"instock","image":"<img width=\"300\" height=\"300\" src=\"https:\/\/i0.wp.com\/ismile.ee\/wp-content\/uploads\/2019\/12\/multivitamiin-kangasmask-naole.jpg?resize=300%2C300&amp;ssl=1\" class=\"attachment-woocommerce_thumbnail size-woocommerce_thumbnail\" alt=\"multivitamiin kangasmask naole\" decoding=\"async\" loading=\"lazy\" srcset=\"https:\/\/i0.wp.com\/ismile.ee\/wp-content\/uploads\/2019\/12\/multivitamiin-kangasmask-naole.jpg?resize=150%2C150&amp;ssl=1 150w, https:\/\/i0.wp.com\/ismile.ee\/wp-content\/uploads\/2019\/12\/multivitamiin-kangasmask-naole.jpg?resize=85%2C85&amp;ssl=1 85w, https:\/\/i0.wp.com\/ismile.ee\/wp-content\/uploads\/2019\/12\/multivitamiin-kangasmask-naole.jpg?resize=50%2C50&amp;ssl=1 50w, https:\/\/i0.wp.com\/ismile.ee\/wp-content\/uploads\/2019\/12\/multivitamiin-kangasmask-naole.jpg?resize=300%2C300&amp;ssl=1 300w, https:\/\/i0.wp.com\/ismile.ee\/wp-content\/uploads\/2019\/12\/multivitamiin-kangasmask-naole.jpg?resize=32%2C32&amp;ssl=1 32w, https:\/\/i0.wp.com\/ismile.ee\/wp-content\/uploads\/2019\/12\/multivitamiin-kangasmask-naole.jpg?zoom=2&amp;resize=300%2C300&amp;ssl=1 600w\" sizes=\"(max-width: 300px) 100vw, 300px\" \/>","_links":{"self":[{"href":"https:\/\/ismile.ee\/en\/wp-json\/wp\/v2\/product\/18865"}],"collection":[{"href":"https:\/\/ismile.ee\/en\/wp-json\/wp\/v2\/product"}],"about":[{"href":"https:\/\/ismile.ee\/en\/wp-json\/wp\/v2\/types\/product"}],"replies":[{"embeddable":true,"href":"https:\/\/ismile.ee\/en\/wp-json\/wp\/v2\/comments?post=18865"}],"wp:featuredmedia":[{"embeddable":true,"href":"https:\/\/ismile.ee\/en\/wp-json\/wp\/v2\/media\/15938"}],"wp:attachment":[{"href":"https:\/\/ismile.ee\/en\/wp-json\/wp\/v2\/media?parent=18865"}],"wp:term":[{"taxonomy":"product_cat","embeddable":true,"href":"https:\/\/ismile.ee\/en\/wp-json\/wp\/v2\/product_cat?post=18865"},{"taxonomy":"product_tag","embeddable":true,"href":"https:\/\/ismile.ee\/en\/wp-json\/wp\/v2\/product_tag?post=18865"}],"curies":[{"name":"wp","href":"https:\/\/api.w.org\/{rel}","templated":true}]}}