

{"id":31150,"date":"2020-11-04T10:12:32","date_gmt":"2020-11-04T08:12:32","guid":{"rendered":"https:\/\/ismile.ee\/?post_type=product&#038;p=31150"},"modified":"2025-06-30T23:00:40","modified_gmt":"2025-06-30T21:00:40","slug":"schwarzkopf-professional-3d-anti-dandruff-shampoo-for-men-250ml","status":"publish","type":"product","link":"https:\/\/ismile.ee\/en\/pood\/schwarzkopf-professional-3d-anti-dandruff-shampoo-for-men-250ml\/","title":{"rendered":"Schwarzkopf Professional 3D anti-dandruff shampoo for men 250ml"},"content":{"rendered":"<p>Schwarzkopf Professional 3D Mension Anti-Dandruff Shampoo &#8211; 100% for men. Works great to get rid of dandruff in your hair and also on your scalp. Keratin strengthens your hair. Zinc pyrithione fights dandruff and reduces itching of the scalp.<\/p>\n","protected":false},"excerpt":{"rendered":"<p>Anti-dandruff shampoo for men. Pyrithione zinc and allantoin gently cleanse hair and scalp of dandruff, reduces scalp irritation and itching.<\/p>\n","protected":false},"featured_media":30367,"comment_status":"open","ping_status":"closed","template":"","meta":[],"product_cat":[373,905,382],"product_tag":[],"jetpack_sharing_enabled":true,"price":"9.05","stock":"outofstock","image":"<img width=\"300\" height=\"300\" src=\"https:\/\/i0.wp.com\/ismile.ee\/wp-content\/uploads\/2020\/11\/schwarzkopf-koomavastan-sampoon.jpg?resize=300%2C300&amp;ssl=1\" class=\"attachment-woocommerce_thumbnail size-woocommerce_thumbnail\" alt=\"schwarzkopf k\u00f5\u00f5mavastan \u0161ampoon\" decoding=\"async\" loading=\"lazy\" srcset=\"https:\/\/i0.wp.com\/ismile.ee\/wp-content\/uploads\/2020\/11\/schwarzkopf-koomavastan-sampoon.jpg?resize=150%2C150&amp;ssl=1 150w, https:\/\/i0.wp.com\/ismile.ee\/wp-content\/uploads\/2020\/11\/schwarzkopf-koomavastan-sampoon.jpg?resize=85%2C85&amp;ssl=1 85w, https:\/\/i0.wp.com\/ismile.ee\/wp-content\/uploads\/2020\/11\/schwarzkopf-koomavastan-sampoon.jpg?resize=300%2C300&amp;ssl=1 300w, https:\/\/i0.wp.com\/ismile.ee\/wp-content\/uploads\/2020\/11\/schwarzkopf-koomavastan-sampoon.jpg?resize=32%2C32&amp;ssl=1 32w, https:\/\/i0.wp.com\/ismile.ee\/wp-content\/uploads\/2020\/11\/schwarzkopf-koomavastan-sampoon.jpg?zoom=2&amp;resize=300%2C300&amp;ssl=1 600w, https:\/\/i0.wp.com\/ismile.ee\/wp-content\/uploads\/2020\/11\/schwarzkopf-koomavastan-sampoon.jpg?zoom=3&amp;resize=300%2C300&amp;ssl=1 900w\" sizes=\"(max-width: 300px) 100vw, 300px\" \/>","_links":{"self":[{"href":"https:\/\/ismile.ee\/en\/wp-json\/wp\/v2\/product\/31150"}],"collection":[{"href":"https:\/\/ismile.ee\/en\/wp-json\/wp\/v2\/product"}],"about":[{"href":"https:\/\/ismile.ee\/en\/wp-json\/wp\/v2\/types\/product"}],"replies":[{"embeddable":true,"href":"https:\/\/ismile.ee\/en\/wp-json\/wp\/v2\/comments?post=31150"}],"wp:featuredmedia":[{"embeddable":true,"href":"https:\/\/ismile.ee\/en\/wp-json\/wp\/v2\/media\/30367"}],"wp:attachment":[{"href":"https:\/\/ismile.ee\/en\/wp-json\/wp\/v2\/media?parent=31150"}],"wp:term":[{"taxonomy":"product_cat","embeddable":true,"href":"https:\/\/ismile.ee\/en\/wp-json\/wp\/v2\/product_cat?post=31150"},{"taxonomy":"product_tag","embeddable":true,"href":"https:\/\/ismile.ee\/en\/wp-json\/wp\/v2\/product_tag?post=31150"}],"curies":[{"name":"wp","href":"https:\/\/api.w.org\/{rel}","templated":true}]}}