

{"id":46108,"date":"2021-05-06T15:56:53","date_gmt":"2021-05-06T13:56:53","guid":{"rendered":"https:\/\/ismile.ee\/pood\/joico-joifull-volumizing-voluumi-andev-sampoon\/"},"modified":"2025-06-30T22:59:27","modified_gmt":"2025-06-30T20:59:27","slug":"joico-joifull-volumizing-voluumi-andev-sampoon","status":"publish","type":"product","link":"https:\/\/ismile.ee\/en\/pood\/joico-joifull-volumizing-voluumi-andev-sampoon\/","title":{"rendered":"Joico Joifull Volumizing vol\u00fc\u00fcmi andev \u0161ampoon"},"content":{"rendered":"<p>\u0160ampoon eemaldab juustest \u00fcleliigse rasu ja mustuse, muutes juuksed samal ajal \u00a0t\u00e4idlasemaks ja paksemaks. Koostises olev keratiin, arginiin ja kibuvitsa\u00f5li aitavad ennetada kahjustus ning kaitsevad juukseid kahjulike m\u00f5jude eest.\u00a0Riisiproteiin muudab ka k\u00f5ige \u00f5hemad juuksed tugevamaks ja paksemaks.\u00a0Bambuseekstrakt aitab lisada kohevust ning muudab juuksed paksemaks, tugevamaks ja l\u00e4ikivamaks.\u00a0Lootose\u00f5is parandab juuste elastsust ning annab nendele terve v\u00e4ljangemise.<\/p>\n","protected":false},"excerpt":{"rendered":"<p>Vol\u00fc\u00fcmi \u00a0andev \u0161ampoon<\/p>\n","protected":false},"featured_media":46102,"comment_status":"open","ping_status":"closed","template":"","meta":[],"product_cat":[373,905],"product_tag":[],"jetpack_sharing_enabled":true,"price":"12.1","stock":"instock","image":"<img width=\"300\" height=\"300\" src=\"https:\/\/i0.wp.com\/ismile.ee\/wp-content\/uploads\/2021\/05\/joico-volumizing-sampoon.jpg?resize=300%2C300&amp;ssl=1\" class=\"attachment-woocommerce_thumbnail size-woocommerce_thumbnail\" alt=\"joico volumizing \u0161ampoon\" decoding=\"async\" loading=\"lazy\" srcset=\"https:\/\/i0.wp.com\/ismile.ee\/wp-content\/uploads\/2021\/05\/joico-volumizing-sampoon.jpg?w=1600&amp;ssl=1 1600w, https:\/\/i0.wp.com\/ismile.ee\/wp-content\/uploads\/2021\/05\/joico-volumizing-sampoon.jpg?resize=300%2C300&amp;ssl=1 300w, https:\/\/i0.wp.com\/ismile.ee\/wp-content\/uploads\/2021\/05\/joico-volumizing-sampoon.jpg?resize=1024%2C1024&amp;ssl=1 1024w, https:\/\/i0.wp.com\/ismile.ee\/wp-content\/uploads\/2021\/05\/joico-volumizing-sampoon.jpg?resize=150%2C150&amp;ssl=1 150w, https:\/\/i0.wp.com\/ismile.ee\/wp-content\/uploads\/2021\/05\/joico-volumizing-sampoon.jpg?resize=768%2C768&amp;ssl=1 768w, https:\/\/i0.wp.com\/ismile.ee\/wp-content\/uploads\/2021\/05\/joico-volumizing-sampoon.jpg?resize=1536%2C1536&amp;ssl=1 1536w, https:\/\/i0.wp.com\/ismile.ee\/wp-content\/uploads\/2021\/05\/joico-volumizing-sampoon.jpg?resize=30%2C30&amp;ssl=1 30w, https:\/\/i0.wp.com\/ismile.ee\/wp-content\/uploads\/2021\/05\/joico-volumizing-sampoon.jpg?resize=640%2C640&amp;ssl=1 640w, https:\/\/i0.wp.com\/ismile.ee\/wp-content\/uploads\/2021\/05\/joico-volumizing-sampoon.jpg?resize=400%2C400&amp;ssl=1 400w, https:\/\/i0.wp.com\/ismile.ee\/wp-content\/uploads\/2021\/05\/joico-volumizing-sampoon.jpg?resize=85%2C85&amp;ssl=1 85w, https:\/\/i0.wp.com\/ismile.ee\/wp-content\/uploads\/2021\/05\/joico-volumizing-sampoon.jpg?resize=600%2C600&amp;ssl=1 600w, https:\/\/i0.wp.com\/ismile.ee\/wp-content\/uploads\/2021\/05\/joico-volumizing-sampoon.jpg?resize=32%2C32&amp;ssl=1 32w\" sizes=\"(max-width: 300px) 100vw, 300px\" \/>","_links":{"self":[{"href":"https:\/\/ismile.ee\/en\/wp-json\/wp\/v2\/product\/46108"}],"collection":[{"href":"https:\/\/ismile.ee\/en\/wp-json\/wp\/v2\/product"}],"about":[{"href":"https:\/\/ismile.ee\/en\/wp-json\/wp\/v2\/types\/product"}],"replies":[{"embeddable":true,"href":"https:\/\/ismile.ee\/en\/wp-json\/wp\/v2\/comments?post=46108"}],"wp:featuredmedia":[{"embeddable":true,"href":"https:\/\/ismile.ee\/en\/wp-json\/wp\/v2\/media\/46102"}],"wp:attachment":[{"href":"https:\/\/ismile.ee\/en\/wp-json\/wp\/v2\/media?parent=46108"}],"wp:term":[{"taxonomy":"product_cat","embeddable":true,"href":"https:\/\/ismile.ee\/en\/wp-json\/wp\/v2\/product_cat?post=46108"},{"taxonomy":"product_tag","embeddable":true,"href":"https:\/\/ismile.ee\/en\/wp-json\/wp\/v2\/product_tag?post=46108"}],"curies":[{"name":"wp","href":"https:\/\/api.w.org\/{rel}","templated":true}]}}