

{"id":58464,"date":"2022-07-06T15:51:41","date_gmt":"2022-07-06T13:51:41","guid":{"rendered":"https:\/\/ismile.ee\/pood\/vita-liberata-body-blur-keha-jumestus-light-100ml\/"},"modified":"2025-06-30T22:58:39","modified_gmt":"2025-06-30T20:58:39","slug":"vita-liberata-body-blur-keha-jumestus-light-100ml","status":"publish","type":"product","link":"https:\/\/ismile.ee\/en\/pood\/vita-liberata-body-blur-keha-jumestus-light-100ml\/","title":{"rendered":"Vita Liberata Body Blur keha ja n\u00e4o jumestus Light 100ml"},"content":{"rendered":"<p>Uus kujundus! Vastab eelnevalt valikus olnud toonile Latte Light.<\/p>\n<p>\u00dclim mahapestav kehajumestus, veatu ja s\u00e4ravalt jumeka naha saavutamiseks. Avastage koheselt veatu ja s\u00e4rava naha saladus Body Blur\u2019i abiga, mis ainulaadselt t\u00e4iustab teie naha v\u00e4limust. Niisutav ja nahka t\u00e4iustav koostis \u00fchtlustab nahatooni ja peegeldab valgust, et saada koheselt veatu jume ja punase vaiba v\u00e4\u00e4riline nahaviimistlus.<\/p>\n<p>Valgustpeegeldav naha viimistleja ja toonija kehale ja n\u00e4ole on ainulaadne <em>Instagram<\/em>\u2018i filter tuubis. Kreem niisutab ja t\u00e4iustab naha v\u00e4limust ning peidab iluvead andes kauni jume. Jumestuskunstnike lemmik, kogu keha ja n\u00e4o mahapestav nahatoonija, mis annab nahale kohese sileda ja valgustpeegeldava <em>HD<\/em> efekti. Toode sisaldab sertifitseeritud \u00f6koloogilisi taimeekstrakte, mis hoolitsevad \u00f5rnalt naha eest.<\/p>\n<p>Sobib ideaalselt kasutamiseks nii kehale kui n\u00e4ole. V\u00f5ib kasutada eraldiseisvalt jumestustootena v\u00f5i n\u00e4iteks jumestuse alla v\u00f5i hoopis segades seda oma jumestusekreemi sisse.<\/p>\n<ul>\n<li>Kohene, mahapestav jume.<\/li>\n<li>Valgustpeegeldav ja s\u00e4rav nahk.<\/li>\n<li>Lihtne kasutada, veatu tulemus.<\/li>\n<\/ul>\n<p>Parimaks tulemuseks kasutage pealekandmisel Vita Liberata aplikaatorkinnast, n\u00e4ole kandke n\u00e4iteks meigisvammi abil.<\/p>\n","protected":false},"excerpt":{"rendered":"<p>Uus kujundus! Vastab eelnevalt valikus olnud toonile Latte Light. \u00dclim mahapestav kehajumestus, veatu ja s\u00e4ravalt jumeka naha saavutamiseks. Avastage koheselt veatu ja s\u00e4rava naha saladus Body Blur\u2019i abiga, mis ainulaadselt t\u00e4iustab teie naha v\u00e4limust. Niisutav ja nahka t\u00e4iustav koostis \u00fchtlustab nahatooni ja peegeldab valgust, et saada koheselt veatu jume ja punase vaiba v\u00e4\u00e4riline nahaviimistlus. Valgustpeegeldav naha viimistleja ja toonija kehale &#8230;<\/p>\n","protected":false},"featured_media":58445,"comment_status":"open","ping_status":"closed","template":"","meta":[],"product_cat":[355,889,903,392],"product_tag":[2047,2048,2049],"jetpack_sharing_enabled":true,"price":"38.52","stock":"instock","image":"<img width=\"300\" height=\"300\" src=\"https:\/\/i0.wp.com\/ismile.ee\/wp-content\/uploads\/2022\/07\/vita_liberata_body_blur_hele.png?resize=300%2C300&amp;ssl=1\" class=\"attachment-woocommerce_thumbnail size-woocommerce_thumbnail\" alt=\"vita_liberata_body_blur_hele\" decoding=\"async\" loading=\"lazy\" srcset=\"https:\/\/i0.wp.com\/ismile.ee\/wp-content\/uploads\/2022\/07\/vita_liberata_body_blur_hele.png?w=550&amp;ssl=1 550w, https:\/\/i0.wp.com\/ismile.ee\/wp-content\/uploads\/2022\/07\/vita_liberata_body_blur_hele.png?resize=300%2C300&amp;ssl=1 300w, https:\/\/i0.wp.com\/ismile.ee\/wp-content\/uploads\/2022\/07\/vita_liberata_body_blur_hele.png?resize=150%2C150&amp;ssl=1 150w, https:\/\/i0.wp.com\/ismile.ee\/wp-content\/uploads\/2022\/07\/vita_liberata_body_blur_hele.png?resize=30%2C30&amp;ssl=1 30w, https:\/\/i0.wp.com\/ismile.ee\/wp-content\/uploads\/2022\/07\/vita_liberata_body_blur_hele.png?resize=400%2C400&amp;ssl=1 400w, https:\/\/i0.wp.com\/ismile.ee\/wp-content\/uploads\/2022\/07\/vita_liberata_body_blur_hele.png?resize=85%2C85&amp;ssl=1 85w, https:\/\/i0.wp.com\/ismile.ee\/wp-content\/uploads\/2022\/07\/vita_liberata_body_blur_hele.png?resize=32%2C32&amp;ssl=1 32w\" sizes=\"(max-width: 300px) 100vw, 300px\" \/>","_links":{"self":[{"href":"https:\/\/ismile.ee\/en\/wp-json\/wp\/v2\/product\/58464"}],"collection":[{"href":"https:\/\/ismile.ee\/en\/wp-json\/wp\/v2\/product"}],"about":[{"href":"https:\/\/ismile.ee\/en\/wp-json\/wp\/v2\/types\/product"}],"replies":[{"embeddable":true,"href":"https:\/\/ismile.ee\/en\/wp-json\/wp\/v2\/comments?post=58464"}],"wp:featuredmedia":[{"embeddable":true,"href":"https:\/\/ismile.ee\/en\/wp-json\/wp\/v2\/media\/58445"}],"wp:attachment":[{"href":"https:\/\/ismile.ee\/en\/wp-json\/wp\/v2\/media?parent=58464"}],"wp:term":[{"taxonomy":"product_cat","embeddable":true,"href":"https:\/\/ismile.ee\/en\/wp-json\/wp\/v2\/product_cat?post=58464"},{"taxonomy":"product_tag","embeddable":true,"href":"https:\/\/ismile.ee\/en\/wp-json\/wp\/v2\/product_tag?post=58464"}],"curies":[{"name":"wp","href":"https:\/\/api.w.org\/{rel}","templated":true}]}}