

{"id":58465,"date":"2022-07-06T10:37:08","date_gmt":"2022-07-06T08:37:08","guid":{"rendered":"https:\/\/ismile.ee\/?post_type=product&#038;p=58465"},"modified":"2025-06-30T22:58:39","modified_gmt":"2025-06-30T20:58:39","slug":"schwarzkopf-bonacure-color-freeze-hooldav-varvikaitsesampoon-eng-250ml","status":"publish","type":"product","link":"https:\/\/ismile.ee\/en\/pood\/schwarzkopf-bonacure-color-freeze-hooldav-varvikaitsesampoon-eng-250ml\/","title":{"rendered":"Schwarzkopf Bonacure Color Freeze hooldav v\u00e4rvikaitse\u0161ampoon eng 250ml"},"content":{"rendered":"<p>Schwarzkopf Professional Bonacure Color Freeze \u0161ampoon puhastab \u00f5rnalt sinu v\u00e4rvitud juuksed. Koostises sisalduvad hooldavad ained taastavad juuste optimaalse pH-taseme, s\u00e4ilitades v\u00e4rvi intensiivsuse ja p\u00fcsivuse.<\/p>\n<p>Uuringud on n\u00e4idanud, et kasutades uut Schwarzkopfi v\u00e4rvikaitse\u0161ampooni saavutad kuni 90% parema v\u00e4rvip\u00fcsivuse ning 100% l\u00e4ikivamad juuksed.<\/p>\n<p>Vegan koostis, ei sisalda SLS\/SLES sulfaate, silikoone ega kunstlikke v\u00e4rvaineid. Keskkonnas\u00f5bralik pakend on valmistatud 97% taaskasutatavatest materjalidest.<\/p>\n","protected":false},"excerpt":{"rendered":"<p>Juukseid hooldav ja juuksev\u00e4rvi pikendav \u0161ampoon.<\/p>\n","protected":false},"featured_media":58431,"comment_status":"open","ping_status":"closed","template":"","meta":[],"product_cat":[373,905],"product_tag":[],"jetpack_sharing_enabled":true,"price":"7.32","stock":"instock","image":"<img width=\"300\" height=\"300\" src=\"https:\/\/i0.wp.com\/ismile.ee\/wp-content\/uploads\/2022\/07\/schwarzkopf_professional_bc_color_freeze_shampoo_250ml.jpg?resize=300%2C300&amp;ssl=1\" class=\"attachment-woocommerce_thumbnail size-woocommerce_thumbnail\" alt=\"schwarzkopf_professional_bc_color_freeze_shampoo_250ml\" decoding=\"async\" loading=\"lazy\" srcset=\"https:\/\/i0.wp.com\/ismile.ee\/wp-content\/uploads\/2022\/07\/schwarzkopf_professional_bc_color_freeze_shampoo_250ml.jpg?w=460&amp;ssl=1 460w, https:\/\/i0.wp.com\/ismile.ee\/wp-content\/uploads\/2022\/07\/schwarzkopf_professional_bc_color_freeze_shampoo_250ml.jpg?resize=300%2C300&amp;ssl=1 300w, https:\/\/i0.wp.com\/ismile.ee\/wp-content\/uploads\/2022\/07\/schwarzkopf_professional_bc_color_freeze_shampoo_250ml.jpg?resize=150%2C150&amp;ssl=1 150w, https:\/\/i0.wp.com\/ismile.ee\/wp-content\/uploads\/2022\/07\/schwarzkopf_professional_bc_color_freeze_shampoo_250ml.jpg?resize=30%2C30&amp;ssl=1 30w, https:\/\/i0.wp.com\/ismile.ee\/wp-content\/uploads\/2022\/07\/schwarzkopf_professional_bc_color_freeze_shampoo_250ml.jpg?resize=400%2C400&amp;ssl=1 400w, https:\/\/i0.wp.com\/ismile.ee\/wp-content\/uploads\/2022\/07\/schwarzkopf_professional_bc_color_freeze_shampoo_250ml.jpg?resize=85%2C85&amp;ssl=1 85w, https:\/\/i0.wp.com\/ismile.ee\/wp-content\/uploads\/2022\/07\/schwarzkopf_professional_bc_color_freeze_shampoo_250ml.jpg?resize=32%2C32&amp;ssl=1 32w\" sizes=\"(max-width: 300px) 100vw, 300px\" \/>","_links":{"self":[{"href":"https:\/\/ismile.ee\/en\/wp-json\/wp\/v2\/product\/58465"}],"collection":[{"href":"https:\/\/ismile.ee\/en\/wp-json\/wp\/v2\/product"}],"about":[{"href":"https:\/\/ismile.ee\/en\/wp-json\/wp\/v2\/types\/product"}],"replies":[{"embeddable":true,"href":"https:\/\/ismile.ee\/en\/wp-json\/wp\/v2\/comments?post=58465"}],"wp:featuredmedia":[{"embeddable":true,"href":"https:\/\/ismile.ee\/en\/wp-json\/wp\/v2\/media\/58431"}],"wp:attachment":[{"href":"https:\/\/ismile.ee\/en\/wp-json\/wp\/v2\/media?parent=58465"}],"wp:term":[{"taxonomy":"product_cat","embeddable":true,"href":"https:\/\/ismile.ee\/en\/wp-json\/wp\/v2\/product_cat?post=58465"},{"taxonomy":"product_tag","embeddable":true,"href":"https:\/\/ismile.ee\/en\/wp-json\/wp\/v2\/product_tag?post=58465"}],"curies":[{"name":"wp","href":"https:\/\/api.w.org\/{rel}","templated":true}]}}