

{"id":58466,"date":"2022-06-20T14:30:31","date_gmt":"2022-06-20T12:30:31","guid":{"rendered":"https:\/\/ismile.ee\/?post_type=product&#038;p=58466"},"modified":"2025-06-30T22:58:39","modified_gmt":"2025-06-30T20:58:39","slug":"schwarzkopf-moisture-kick-sugavniisutav-juuksemask-eng-200ml","status":"publish","type":"product","link":"https:\/\/ismile.ee\/en\/pood\/schwarzkopf-moisture-kick-sugavniisutav-juuksemask-eng-200ml\/","title":{"rendered":"Schwarzkopf Moisture Kick S\u00fcgavniisutav Juuksemask eng 200ml"},"content":{"rendered":"<p>Schwarzkopf Bonacure Moisture Kick Glycerol Treatment Mask niisutab juukseid s\u00fcgavuti ja annab neile eluterve v\u00e4limuse. See sobib normaalsetele kuni kuivadele, karmidele ja keemiliselt t\u00f6\u00f6deldud juustele ning aitab hoida ka lokkis juuksed elastsete ja vetruvatena.<\/p>\n<p>T\u00e4nu kergele emulsioonkoostisele tungivad niisutavad ained v\u00e4ga kiiresti juustesse, niisutades intensiivselt nende sisemist struktuuri. Vegan keratiin ja Cell Equalizer Tehnolooga pakuvad juustele t\u00e4iendavat hooldust, parandades iga juuksekarva seest ja v\u00e4ljast, t\u00e4ites kahjustatud juuksekarva osad hooldavate keratiiniosadega. Juuksemask taastab juuste elastsuse, tugevuse ja s\u00e4ra. Lisaks tagab gl\u00fctserool intensiivse niisutuse, et tasakaalustada juuste loomulikku niiskusesisaldust. Juuksed j\u00e4\u00e4vad pehmed ja l\u00e4ikivad ning neid on palju lihtsam kammida, k\u00e4sitleda ja soengusse seada.<\/p>\n<p>Uus Moisture Kick sari on loodud t\u00e4iustatud juuksehooldustehnoloogiaga, kuid ilma loomse p\u00e4ritoluga koostisaineteta. Schwarzkopf Professionali esimene veganhoolduss\u00fcsteem normaalsetele kuni kuivadele juustele, mis vajavad tugevamat niisutust. Uus pakend on samuti \u00f6kodisainitud: see on t\u00e4ielikult taaskasutatav ja sisaldab kuni 97% taaskasutatud plasti.<\/p>\n","protected":false},"excerpt":{"rendered":"<p>Niisutav juuksemask kuivadele, kahjustatud v\u00f5i lokkis juustele.<\/p>\n","protected":false},"featured_media":58228,"comment_status":"open","ping_status":"closed","template":"","meta":[],"product_cat":[373],"product_tag":[],"jetpack_sharing_enabled":true,"price":"10.16","stock":"outofstock","image":"<img width=\"300\" height=\"300\" src=\"https:\/\/i0.wp.com\/ismile.ee\/wp-content\/uploads\/2022\/06\/schwarzkopf-moisture-kick-treatment-juuksemask-kuivadele-juustele.jpg?resize=300%2C300&amp;ssl=1\" class=\"attachment-woocommerce_thumbnail size-woocommerce_thumbnail\" alt=\"schwarzkopf-moisture-kick-treatment-juuksemask-kuivadele-juustele\" decoding=\"async\" loading=\"lazy\" srcset=\"https:\/\/i0.wp.com\/ismile.ee\/wp-content\/uploads\/2022\/06\/schwarzkopf-moisture-kick-treatment-juuksemask-kuivadele-juustele.jpg?w=500&amp;ssl=1 500w, https:\/\/i0.wp.com\/ismile.ee\/wp-content\/uploads\/2022\/06\/schwarzkopf-moisture-kick-treatment-juuksemask-kuivadele-juustele.jpg?resize=300%2C300&amp;ssl=1 300w, https:\/\/i0.wp.com\/ismile.ee\/wp-content\/uploads\/2022\/06\/schwarzkopf-moisture-kick-treatment-juuksemask-kuivadele-juustele.jpg?resize=150%2C150&amp;ssl=1 150w, https:\/\/i0.wp.com\/ismile.ee\/wp-content\/uploads\/2022\/06\/schwarzkopf-moisture-kick-treatment-juuksemask-kuivadele-juustele.jpg?resize=30%2C30&amp;ssl=1 30w, https:\/\/i0.wp.com\/ismile.ee\/wp-content\/uploads\/2022\/06\/schwarzkopf-moisture-kick-treatment-juuksemask-kuivadele-juustele.jpg?resize=400%2C400&amp;ssl=1 400w, https:\/\/i0.wp.com\/ismile.ee\/wp-content\/uploads\/2022\/06\/schwarzkopf-moisture-kick-treatment-juuksemask-kuivadele-juustele.jpg?resize=85%2C85&amp;ssl=1 85w, https:\/\/i0.wp.com\/ismile.ee\/wp-content\/uploads\/2022\/06\/schwarzkopf-moisture-kick-treatment-juuksemask-kuivadele-juustele.jpg?resize=32%2C32&amp;ssl=1 32w\" sizes=\"(max-width: 300px) 100vw, 300px\" \/>","_links":{"self":[{"href":"https:\/\/ismile.ee\/en\/wp-json\/wp\/v2\/product\/58466"}],"collection":[{"href":"https:\/\/ismile.ee\/en\/wp-json\/wp\/v2\/product"}],"about":[{"href":"https:\/\/ismile.ee\/en\/wp-json\/wp\/v2\/types\/product"}],"replies":[{"embeddable":true,"href":"https:\/\/ismile.ee\/en\/wp-json\/wp\/v2\/comments?post=58466"}],"wp:featuredmedia":[{"embeddable":true,"href":"https:\/\/ismile.ee\/en\/wp-json\/wp\/v2\/media\/58228"}],"wp:attachment":[{"href":"https:\/\/ismile.ee\/en\/wp-json\/wp\/v2\/media?parent=58466"}],"wp:term":[{"taxonomy":"product_cat","embeddable":true,"href":"https:\/\/ismile.ee\/en\/wp-json\/wp\/v2\/product_cat?post=58466"},{"taxonomy":"product_tag","embeddable":true,"href":"https:\/\/ismile.ee\/en\/wp-json\/wp\/v2\/product_tag?post=58466"}],"curies":[{"name":"wp","href":"https:\/\/api.w.org\/{rel}","templated":true}]}}