

{"id":11580,"date":"2019-01-13T19:01:44","date_gmt":"2019-01-13T17:01:44","guid":{"rendered":"https:\/\/ismile.ee\/%d0%b3%d0%b0%d1%80%d0%b0%d0%bd%d1%82%d0%b8%d1%8f\/"},"modified":"2019-10-20T18:45:35","modified_gmt":"2019-10-20T16:45:35","slug":"%d0%b3%d0%b0%d1%80%d0%b0%d0%bd%d1%82%d0%b8%d1%8f","status":"publish","type":"page","link":"https:\/\/ismile.ee\/ru\/%d0%b3%d0%b0%d1%80%d0%b0%d0%bd%d1%82%d0%b8%d1%8f\/","title":{"rendered":"\u0433\u0430\u0440\u0430\u043d\u0442\u0438\u044f"},"content":{"rendered":"\n<h1 class=\"wp-block-heading\">\u0433\u0430\u0440\u0430\u043d\u0442\u0438\u044f<\/h1>\n\n\n\n<ul><li>Kui ostetud kaup Sulle mingil p\u00f5hjusel ei sobi, siis on Sul v\u00f5imalus 14 p\u00e4eva jooksul toode tagastada ja ostusumma tagastatakse Sulle (vastavalt&nbsp;<a href=\"https:\/\/ismile.ee\/ru\/%d1%83%d1%81%d0%bb%d0%be%d0%b2%d0%b8%d1%8f-%d0%b8-%d0%bf%d0%be%d0%bb%d0%be%d0%b6%d0%b5%d0%bd%d0%b8%d1%8f\/\">e-poe kasutustingimustele<\/a>&nbsp;punktile 2.6).<\/li><li>Toote tagastamiseks palume saata vabas vormis taganemisavaldus e-posti aadressile info@ismile.ee.<\/li><li>Tagastatav kaup peab olema kasutamata ja originaalpakendis<\/li><li>Raha kanname tagastatud toote eest tagasi ostja arveldusarvele viivitamata, kuid mitte hiljem kui 14 p\u00e4eva jooksul alates ostja taganemisavalduse saamisest. Hambake O\u00dc v\u00f5ib raha tagasimakse tegemisest keelduda seni, kuni ostja on talle tagastanud esemeks olnud asja v\u00f5i esitanud t\u00f5endi, et ta on selle asja tagasi saatnud.<\/li><li>Tagastada ei saa kaupa, mis ei ole k\u00f5lblik tagastamiseks tervisekaitse seaduste kohaselt v\u00f5i h\u00fcgieenilistel p\u00f5hjustel ning kui see on peale kohaletoimetamist avatud.<\/li><li>iSmile.ee poolt m\u00fc\u00fcdud elektrilistele seadmetele kehtib V\u00d5S \u00a7-s 218 lg 2 s\u00e4testatud 2-aastane pretensiooni esitamise t\u00e4htaeg ehk tehase garantii. Garantii katab konstruktsioonivigade, tootmisvigade ja materjalivigade ning nende t\u00f5ttu seadmele p\u00f5hjustatud defektide paranduskulud.<\/li><\/ul>\n","protected":false},"excerpt":{"rendered":"<p>\u0433\u0430\u0440\u0430\u043d\u0442\u0438\u044f Kui ostetud kaup Sulle mingil p\u00f5hjusel ei sobi, siis on Sul v\u00f5imalus 14 p\u00e4eva jooksul toode tagastada ja ostusumma tagastatakse Sulle (vastavalt&nbsp;e-poe kasutustingimustele&nbsp;punktile 2.6). Toote tagastamiseks palume saata vabas vormis taganemisavaldus e-posti aadressile info@ismile.ee. Tagastatav kaup peab olema kasutamata ja originaalpakendis Raha kanname tagastatud toote eest tagasi ostja arveldusarvele viivitamata, kuid mitte hiljem kui 14 p\u00e4eva jooksul alates ostja &#8230;<\/p>\n","protected":false},"author":1,"featured_media":0,"parent":0,"menu_order":0,"comment_status":"closed","ping_status":"closed","template":"","meta":{"footnotes":""},"jetpack_sharing_enabled":true,"jetpack_shortlink":"https:\/\/wp.me\/PaC457-30M","_links":{"self":[{"href":"https:\/\/ismile.ee\/ru\/wp-json\/wp\/v2\/pages\/11580"}],"collection":[{"href":"https:\/\/ismile.ee\/ru\/wp-json\/wp\/v2\/pages"}],"about":[{"href":"https:\/\/ismile.ee\/ru\/wp-json\/wp\/v2\/types\/page"}],"author":[{"embeddable":true,"href":"https:\/\/ismile.ee\/ru\/wp-json\/wp\/v2\/users\/1"}],"replies":[{"embeddable":true,"href":"https:\/\/ismile.ee\/ru\/wp-json\/wp\/v2\/comments?post=11580"}],"version-history":[{"count":2,"href":"https:\/\/ismile.ee\/ru\/wp-json\/wp\/v2\/pages\/11580\/revisions"}],"predecessor-version":[{"id":11593,"href":"https:\/\/ismile.ee\/ru\/wp-json\/wp\/v2\/pages\/11580\/revisions\/11593"}],"wp:attachment":[{"href":"https:\/\/ismile.ee\/ru\/wp-json\/wp\/v2\/media?parent=11580"}],"curies":[{"name":"wp","href":"https:\/\/api.w.org\/{rel}","templated":true}]}}