

{"id":11585,"date":"2019-01-21T23:06:21","date_gmt":"2019-01-21T21:06:21","guid":{"rendered":"https:\/\/ismile.ee\/kkk-korduma-kippuvad-kusimused\/"},"modified":"2019-10-20T18:50:23","modified_gmt":"2019-10-20T16:50:23","slug":"%d1%87%d0%b0%d1%81%d1%82%d0%be-%d0%b7%d0%b0%d0%b4%d0%b0%d0%b2%d0%b0%d0%b5%d0%bc%d1%8b%d0%b5-%d0%b2%d0%be%d0%bf%d1%80%d0%be%d1%81%d1%8b","status":"publish","type":"page","link":"https:\/\/ismile.ee\/ru\/%d1%87%d0%b0%d1%81%d1%82%d0%be-%d0%b7%d0%b0%d0%b4%d0%b0%d0%b2%d0%b0%d0%b5%d0%bc%d1%8b%d0%b5-%d0%b2%d0%be%d0%bf%d1%80%d0%be%d1%81%d1%8b\/","title":{"rendered":"\u0427\u0430\u0441\u0442\u043e \u0437\u0430\u0434\u0430\u0432\u0430\u0435\u043c\u044b\u0435 \u0432\u043e\u043f\u0440\u043e\u0441\u044b"},"content":{"rendered":"<p><strong>Kas e-poest ostmisel pean ma olema ismile.ee klient?<br \/>\n<\/strong>Selleks, et meie lehelt tooteid tellida ei pea olema meie e-poe klient.<\/p>\n<p><strong>Kui pikk on tarneaeg?<\/strong><br \/>\nAlates makse laekumisest postitame paki 2-5 t\u00f6\u00f6p\u00e4evaga<\/p>\n<p><strong>Kui palju maksab kauba kohaletoimetamine?<\/strong><br \/>\nK\u00f5ige uuem info selle kohta on meie &#8220;<a href=\"https:\/\/ismile.ee\/ru\/%d0%b4%d0%be%d1%81%d1%82%d0%b0%d0%b2%d0%ba%d0%b0\/\">Kohaletoimetamine<\/a>&#8221; lehel.<\/p>\n<p><strong>Kuidas kaup kohale toimetatakse?<\/strong><br \/>\nTeie aadressile l\u00e4himasse Itella v\u00f5i Omniva pakiautomaati v\u00f5i m\u00e4rkides sobiva pakiautomaadi tellimust tehes infolahtrisse<\/p>\n<p><strong>Kuidas on v\u00f5imalik kauba eest tasuda?<\/strong><br \/>\nL\u00e4bi Eesti pangalinkide ja krediitkaardiga<\/p>\n<p><strong>Kuidas saab e-poest tellitud kaupa tagastada?<\/strong><br \/>\nE-poest ostetud avamata pakendiga tooteid on v\u00f5imalik tagastada 14 p\u00e4eva peale kauba k\u00e4tte saamist. Selleks v\u00f5tke \u00fchendust <a href=\"mailto:info@ismile.ee\">info@ismile.ee<\/a>.<\/p>\n<p><strong>Mida teha, kui panin tellimusse valed andmed?<\/strong><br \/>\nPalun saatke kiri <a href=\"mailto:info@ismile.ee\">info@ismile.ee<\/a>. Lisage kindlasti probleemi kirjeldus ja \u00f5iged andmed.<\/p>\n<p><strong>Mida teha, kui ei oska valida sobivat toodet?<\/strong><br \/>\nV\u00f5tke meiega \u00fchendust <a href=\"mailto:info@ismile.ee\">info@ismile.ee<\/a> ja aitame Teil sobiva toote valida.<\/p>\n<p><strong>Kas ismile tooted teevad hambad tundlikuks?<\/strong><br \/>\nEi tee, kuna valgendused ei sisalda vesinikperoksiidi.<\/p>\n<p><strong>Kas tooted valgendavad ka plomme?<\/strong><br \/>\nTooted valgendavad ainult oma tervet hammast. Plommid, surnud hambad ja kunsthambad muudab valgendus ainult s\u00e4ravamaks, aga ta ei valgenda neid.<\/p>\n<p><strong>Kas hambaid v\u00f5ivad valgendada ka rasedad?<\/strong><br \/>\nEi v\u00f5i.<\/p>\n<p><strong>Kas hammaste valgendus kahjustab hambaid?<\/strong><br \/>\nEi kahjusta, kuna tooted ei sisalda vesinikperoksiidi.<\/p>\n<p><strong>Kas breketitega v\u00f5ib hambaid valgendada?<\/strong><br \/>\nSoovituslik oleks oodata, kuniks breketid \u00e4ra v\u00f5etakse.<\/p>\n<p><strong>Kas valgendamine on valulik?<\/strong><br \/>\nValgendamine ei ole valulik ega muuda ka hambaid tundlikuks.<\/p>\n<p><strong>Kas tooted on originaalid?<\/strong><br \/>\nK\u00f5ik meie e-poes m\u00fc\u00fcdavad tooted on originaalid.<\/p>\n<p><strong>Kas k\u00f5ik tooted on Eestis olemas?<\/strong><br \/>\nJah, k\u00f5ik tooted on meie Eesti laos olemas. Kui midagi peaks otsa l\u00f5ppema ja tarneaeg pikem siis on e-poes ka selle kohta info.<\/p>\n<p><strong>Miks hambad muutuvad tumedamaks?<\/strong><br \/>\nHammaste pigmentatsiooni v\u00f5ivad p\u00f5hjustada s\u00f6\u00f6gid, joogid, suitsetamine, vanus.<\/p>\n<p><strong>Mis saab, kui olen toote k\u00e4tte saanud, aga ei saa aru kuidas seda kasutada?<\/strong><br \/>\nKui kasutusjuhend Teid ei aita v\u00f5tke julgelt meiega \u00fchendust ja aitame Teid!<\/p>\n","protected":false},"excerpt":{"rendered":"<p>Kas e-poest ostmisel pean ma olema ismile.ee klient? Selleks, et meie lehelt tooteid tellida ei pea olema meie e-poe klient. Kui pikk on tarneaeg? Alates makse laekumisest postitame paki 2-5 t\u00f6\u00f6p\u00e4evaga Kui palju maksab kauba kohaletoimetamine? K\u00f5ige uuem info selle kohta on meie &#8220;Kohaletoimetamine&#8221; lehel. Kuidas kaup kohale toimetatakse? Teie aadressile l\u00e4himasse Itella v\u00f5i Omniva pakiautomaati v\u00f5i m\u00e4rkides sobiva pakiautomaadi &#8230;<\/p>\n","protected":false},"author":1,"featured_media":0,"parent":0,"menu_order":0,"comment_status":"closed","ping_status":"closed","template":"","meta":{"footnotes":""},"jetpack_sharing_enabled":true,"jetpack_shortlink":"https:\/\/wp.me\/PaC457-30R","_links":{"self":[{"href":"https:\/\/ismile.ee\/ru\/wp-json\/wp\/v2\/pages\/11585"}],"collection":[{"href":"https:\/\/ismile.ee\/ru\/wp-json\/wp\/v2\/pages"}],"about":[{"href":"https:\/\/ismile.ee\/ru\/wp-json\/wp\/v2\/types\/page"}],"author":[{"embeddable":true,"href":"https:\/\/ismile.ee\/ru\/wp-json\/wp\/v2\/users\/1"}],"replies":[{"embeddable":true,"href":"https:\/\/ismile.ee\/ru\/wp-json\/wp\/v2\/comments?post=11585"}],"version-history":[{"count":2,"href":"https:\/\/ismile.ee\/ru\/wp-json\/wp\/v2\/pages\/11585\/revisions"}],"predecessor-version":[{"id":11592,"href":"https:\/\/ismile.ee\/ru\/wp-json\/wp\/v2\/pages\/11585\/revisions\/11592"}],"wp:attachment":[{"href":"https:\/\/ismile.ee\/ru\/wp-json\/wp\/v2\/media?parent=11585"}],"curies":[{"name":"wp","href":"https:\/\/api.w.org\/{rel}","templated":true}]}}