

{"id":1676,"date":"2019-01-21T23:14:44","date_gmt":"2019-01-21T21:14:44","guid":{"rendered":"https:\/\/ismile.ee\/arikasutaja-hammaste-valgenduse-lahendused\/"},"modified":"2020-04-08T11:55:20","modified_gmt":"2020-04-08T09:55:20","slug":"arikasutaja-hammaste-valgenduse-lahendused","status":"publish","type":"page","link":"https:\/\/ismile.ee\/ru\/arikasutaja-hammaste-valgenduse-lahendused\/","title":{"rendered":"\u00c4rikasutaja hammaste valgenduse lahendused"},"content":{"rendered":"<h1 class=\"tt-title-subpages\">\u00c4rikasutaja hammaste valgenduse lahendused<\/h1>\n<div class=\"tt-box-text\">\n<p>Kui soovite oma klientidele hakata pakkuma hambavalgendusteenuseid, siis meie stardipakett sisaldab k\u00f5ike vaja minevat.<\/p>\n<p>Professionaalne \u00e4rikasutaja hammaste valgendus lahendus sisaldab ka koolituse l\u00e4bimist, et saaksite koheselt hakata teenust pakkuma.<span class=\"Apple-converted-space\">\u00a0\u00a0<\/span>Kui olete ilusalongi-, spa- v\u00f5i hambaravikabineti omanik, siis anname lisaks toodetele kaasa ka turundusmaterjalid, j\u00e4relhooldusejuhised ja viime l\u00e4bi vajaliku koolituse. V\u00f5ite olla kindlad, et meie pakutud tooted toimivad ja on kiire tasuvusajaga. Garanteerime s\u00e4rava naeratusega kliendid!<\/p>\n<\/div>\n<div class=\"tt-box-text\">\n<p><strong><b>Stardipakett sisaldab:<\/b><\/strong><\/p>\n<ul>\n<li>1 X professionaalne hammaste valgendamiseks m\u00f5eldud lamp<\/li>\n<li>10 X hammaste valgenduseks m\u00f5eldud komplekti<\/li>\n<li>1 X hammaste tooni m\u00e4\u00e4raja<\/li>\n<li>2 X kaitseprillid<\/li>\n<li>1 X koolitus<\/li>\n<\/ul>\n<\/div>\n<div class=\"tt-box-text\">\n<p>Kui Teil on valgendamiseks m\u00f5eldud lamp juba olemas, siis on v\u00f5imalik meie k\u00e4est osta ka ainult valgendamiseks m\u00f5eldud komplekte.<\/p>\n<p><strong><b>EU poolt heaks kiidetud valgenduskomplekt salongidele<\/b><\/strong><\/p>\n<p>EU poolt heaks kiidetud valgenduskomplekt on v\u00e4lja t\u00f6\u00f6tatud j\u00e4rgides EU n\u00f5udeid, mille kohaselt hambavalgendusgeel ei tohi sisaldada v\u00f5i vallandada rohkem kui 0,1% peroksiidi. K\u00e4esolevas tootes on valgendavaks komponendiks naatriumperboraat, mis peroksiidivaba toote puhul annab suurep\u00e4rase valgendustulemuse. Protseduuri teostamisel j\u00e4rgige lihtsat kahesammulist protsessi: kandke esmalt hammastele aktiivaine ja seej\u00e4rel valgendusgeel. Seej\u00e4rel asetage paika LED-lamp ja valgendage 20 minutit. Korrake kogu protsessi kolmel korral. Antud komplektis on puhastuslapid, millega kanda hammastele aktiivaine ja 5 ml valgendusgeeli \u2013 ja valikuliselt kas p\u00f5se retraktor v\u00f5i hammaste vorm.<\/p>\n<p><strong>Koostisosad:<\/strong><\/p>\n<p>Valgendusgeel: Glycerin, Propylene Glycol, Acrylates\/C10-30 Alkyl Acrylate Crosspolymer, Triethanolamine, Sodium Saccharin, Mica, Mentha Piperita (Peppermint) Oil, Sodium Carbonate Peroxide (Sodium Percarbonate), Ci 77891. Aktivaator: Aqua, Glycerin, Sodium Lauryl Sulfate, Alcohol, Mentha Viridis (Spearmint) Leaf Oil, Poloxamer 188, Sucralose, Poloxamer 407, Sodium Citrate, L-Menthol, Caffeine, Sodium Benzoate, Polysorbate 20, Ci73015<\/p>\n<p>NB! Kui omate varasemast ajast mujalt ostetud led lampi siis pakume ka koolitust meie tooodetele ja v\u00f5imalust hakata meie k\u00e4est ostma soodushinnaga salongi valgenduskomplekte.<\/p>\n<p><strong>Rendi hammaste valgendus led-lamp.\u00a0<\/strong><\/p>\n<p>Kui soovid pakkuda hammaste valgendus teenust hooajaliselt, lisat\u00f6\u00f6na, oled hiljuti kaotanud t\u00f6\u00f6 v\u00f5i soovid midagi lahedat teha ilumaailmas, \u00a0siis alati polegi m\u00f5istlik lampi seisma osta. Pakume v\u00f5imalust lamp rentida. Miinimum periood on kaks kuud. \u00dche kuu tasu 110 eurot.<\/p>\n<p>Kasuta v\u00f5imalust kui soovid hakata ise oma aja peremeheks!<\/p>\n<p><strong><b>K\u00fcsi hinda!<\/b><\/strong><\/p>\n<p><img decoding=\"async\" src=\"https:\/\/i0.wp.com\/cdn.shopify.com\/s\/files\/1\/0120\/2454\/5380\/files\/business-slide-1_large.png?ssl=1\" alt=\"Hammaste valgendamine ilusalongidele\" data-recalc-dims=\"1\" \/><\/p>\n<p><strong><b>Kutsu meid kohale!<\/b><\/strong><\/p>\n<p><strong>Soovid kutsuda<\/strong>\u00a0meid oma salongi v\u00f5i \u00fcritusele hambaid valgendama?\u00a0<a title=\"V\u00f5ta \u00fchendust iSmile e-poega\" href=\"https:\/\/ismile.ee\/ru\/kontakt\/\">V\u00f5ta meiega \u00fchendust<\/a>\u00a0ja k\u00fcsi pakkumist!<\/p>\n<p>Oleme k\u00e4inud ilusalongide avatud uste p\u00e4evadel, kliendi\u00f5htutel. Samuti on kutsutud meid ka koju n\u00e4iteks v\u00e4ikelinnadesse kus sellist teenust ei pakuta (eeldusel, et oleks v\u00e4hemalt 5 klienti kellele teenust pakkuda).<\/p>\n<\/div>\n","protected":false},"excerpt":{"rendered":"<p>\u00c4rikasutaja hammaste valgenduse lahendused Kui soovite oma klientidele hakata pakkuma hambavalgendusteenuseid, siis meie stardipakett sisaldab k\u00f5ike vaja minevat. Professionaalne \u00e4rikasutaja hammaste valgendus lahendus sisaldab ka koolituse l\u00e4bimist, et saaksite koheselt hakata teenust pakkuma.\u00a0\u00a0Kui olete ilusalongi-, spa- v\u00f5i hambaravikabineti omanik, siis anname lisaks toodetele kaasa ka turundusmaterjalid, j\u00e4relhooldusejuhised ja viime l\u00e4bi vajaliku koolituse. V\u00f5ite olla kindlad, et meie pakutud tooted toimivad &#8230;<\/p>\n","protected":false},"author":1,"featured_media":0,"parent":0,"menu_order":0,"comment_status":"closed","ping_status":"closed","template":"","meta":{"footnotes":""},"jetpack_sharing_enabled":true,"jetpack_shortlink":"https:\/\/wp.me\/PaC457-r2","_links":{"self":[{"href":"https:\/\/ismile.ee\/ru\/wp-json\/wp\/v2\/pages\/1676"}],"collection":[{"href":"https:\/\/ismile.ee\/ru\/wp-json\/wp\/v2\/pages"}],"about":[{"href":"https:\/\/ismile.ee\/ru\/wp-json\/wp\/v2\/types\/page"}],"author":[{"embeddable":true,"href":"https:\/\/ismile.ee\/ru\/wp-json\/wp\/v2\/users\/1"}],"replies":[{"embeddable":true,"href":"https:\/\/ismile.ee\/ru\/wp-json\/wp\/v2\/comments?post=1676"}],"version-history":[{"count":3,"href":"https:\/\/ismile.ee\/ru\/wp-json\/wp\/v2\/pages\/1676\/revisions"}],"predecessor-version":[{"id":23338,"href":"https:\/\/ismile.ee\/ru\/wp-json\/wp\/v2\/pages\/1676\/revisions\/23338"}],"wp:attachment":[{"href":"https:\/\/ismile.ee\/ru\/wp-json\/wp\/v2\/media?parent=1676"}],"curies":[{"name":"wp","href":"https:\/\/api.w.org\/{rel}","templated":true}]}}