

{"id":12340,"date":"2019-02-17T21:19:27","date_gmt":"2019-02-17T19:19:27","guid":{"rendered":"https:\/\/ismile.ee\/pood\/hambakapad-hammaste-valgendus-komplekti-jaoks\/"},"modified":"2025-10-11T16:02:04","modified_gmt":"2025-10-11T14:02:04","slug":"hambakapad","status":"publish","type":"product","link":"https:\/\/ismile.ee\/ru\/pood\/hambakapad\/","title":{"rendered":"Hambakapad hammaste valgendus komplekti jaoks"},"content":{"rendered":"<p>Kui olete kogemata oma hambakapad \u00e4ra kaotanud, liialt kuumutanud v\u00f5i katki teinud siis on siit teil v\u00f5imalik tellida uued. Sobib k\u00f5ige paremini kokku meie <a href=\"https:\/\/ismile.ee\/ru\/hammaste-valgendamine-beaming-white\/\">koduse hammaste valgenduskomplektiga<\/a>.<\/p>\n<p><strong>NB!<\/strong> Sellele tootele lisandub transpordikulu juhul, kui tellimuse kogusumma j\u00e4\u00e4b alla \u20ac10.<\/p>\n","protected":false},"excerpt":{"rendered":"<p>Hambakapad on m\u00f5eldud kasutamaks koos hammaste valgendus komplektiga, mis on meil ka m\u00fc\u00fcgil. Kui teie hambaj\u00e4ljend on l\u00e4inud katki v\u00f5i on vana siis tellige siit uus.<\/p>\n","protected":false},"featured_media":1443,"comment_status":"open","ping_status":"closed","template":"","meta":[],"product_cat":[222],"product_tag":[256,257,258],"jetpack_sharing_enabled":true,"price":"6.1","stock":"instock","image":"<img width=\"300\" height=\"300\" src=\"https:\/\/i0.wp.com\/ismile.ee\/wp-content\/uploads\/2019\/02\/hambavalgendus-kapad.jpg?resize=300%2C300&amp;ssl=1\" class=\"attachment-woocommerce_thumbnail size-woocommerce_thumbnail\" alt=\"hambavalgendus kapad\" decoding=\"async\" loading=\"lazy\" srcset=\"https:\/\/i0.wp.com\/ismile.ee\/wp-content\/uploads\/2019\/02\/hambavalgendus-kapad.jpg?w=1000&amp;ssl=1 1000w, https:\/\/i0.wp.com\/ismile.ee\/wp-content\/uploads\/2019\/02\/hambavalgendus-kapad.jpg?resize=150%2C150&amp;ssl=1 150w, https:\/\/i0.wp.com\/ismile.ee\/wp-content\/uploads\/2019\/02\/hambavalgendus-kapad.jpg?resize=300%2C300&amp;ssl=1 300w, https:\/\/i0.wp.com\/ismile.ee\/wp-content\/uploads\/2019\/02\/hambavalgendus-kapad.jpg?resize=768%2C768&amp;ssl=1 768w, https:\/\/i0.wp.com\/ismile.ee\/wp-content\/uploads\/2019\/02\/hambavalgendus-kapad.jpg?resize=640%2C640&amp;ssl=1 640w, https:\/\/i0.wp.com\/ismile.ee\/wp-content\/uploads\/2019\/02\/hambavalgendus-kapad.jpg?resize=400%2C400&amp;ssl=1 400w, https:\/\/i0.wp.com\/ismile.ee\/wp-content\/uploads\/2019\/02\/hambavalgendus-kapad.jpg?resize=85%2C85&amp;ssl=1 85w, https:\/\/i0.wp.com\/ismile.ee\/wp-content\/uploads\/2019\/02\/hambavalgendus-kapad.jpg?resize=50%2C50&amp;ssl=1 50w, https:\/\/i0.wp.com\/ismile.ee\/wp-content\/uploads\/2019\/02\/hambavalgendus-kapad.jpg?resize=600%2C600&amp;ssl=1 600w, https:\/\/i0.wp.com\/ismile.ee\/wp-content\/uploads\/2019\/02\/hambavalgendus-kapad.jpg?resize=32%2C32&amp;ssl=1 32w\" sizes=\"(max-width: 300px) 100vw, 300px\" \/>","_links":{"self":[{"href":"https:\/\/ismile.ee\/ru\/wp-json\/wp\/v2\/product\/12340"}],"collection":[{"href":"https:\/\/ismile.ee\/ru\/wp-json\/wp\/v2\/product"}],"about":[{"href":"https:\/\/ismile.ee\/ru\/wp-json\/wp\/v2\/types\/product"}],"replies":[{"embeddable":true,"href":"https:\/\/ismile.ee\/ru\/wp-json\/wp\/v2\/comments?post=12340"}],"wp:featuredmedia":[{"embeddable":true,"href":"https:\/\/ismile.ee\/ru\/wp-json\/wp\/v2\/media\/1443"}],"wp:attachment":[{"href":"https:\/\/ismile.ee\/ru\/wp-json\/wp\/v2\/media?parent=12340"}],"wp:term":[{"taxonomy":"product_cat","embeddable":true,"href":"https:\/\/ismile.ee\/ru\/wp-json\/wp\/v2\/product_cat?post=12340"},{"taxonomy":"product_tag","embeddable":true,"href":"https:\/\/ismile.ee\/ru\/wp-json\/wp\/v2\/product_tag?post=12340"}],"curies":[{"name":"wp","href":"https:\/\/api.w.org\/{rel}","templated":true}]}}