

{"id":45435,"date":"2021-04-08T12:13:04","date_gmt":"2021-04-08T10:13:04","guid":{"rendered":"https:\/\/ismile.ee\/?post_type=product&#038;p=45435"},"modified":"2025-06-30T22:59:42","modified_gmt":"2025-06-30T20:59:42","slug":"rco-skyline-%d0%bf%d1%80%d0%b8%d0%b4%d0%b0%d1%8e%d1%89%d0%b8%d0%b9-%d0%be%d0%b1%d1%8a%d0%b5%d0%bc-%d0%bf%d0%be%d1%80%d0%be%d1%88%d0%be%d0%ba-57ml","status":"publish","type":"product","link":"https:\/\/ismile.ee\/ru\/pood\/rco-skyline-%d0%bf%d1%80%d0%b8%d0%b4%d0%b0%d1%8e%d1%89%d0%b8%d0%b9-%d0%be%d0%b1%d1%8a%d0%b5%d0%bc-%d0%bf%d0%be%d1%80%d0%be%d1%88%d0%be%d0%ba-57ml\/","title":{"rendered":"R+Co SKYLINE \u043f\u0440\u0438\u0434\u0430\u044e\u0449\u0438\u0439 \u043e\u0431\u044a\u0435\u043c \u043f\u043e\u0440\u043e\u0448\u043e\u043a 57ml"},"content":{"rendered":"<p>SKYLINE \u0441\u0443\u0445\u043e\u0439 \u0448\u0430\u043c\u043f\u0443\u043d\u044c \u2013 \u044d\u0442\u043e \u0442\u043e, \u0447\u0442\u043e \u0432\u0430\u043c \u043d\u0443\u0436\u043d\u043e, \u0434\u043b\u044f \u0442\u043e\u0433\u043e, \u0447\u0442\u043e\u0431\u044b \u0432\u043e\u043b\u043e\u0441\u044b \u0447\u0443\u0432\u0441\u0442\u0432\u043e\u0432\u0430\u043b\u0438 \u0441\u0435\u0431\u044f \u0441\u0432\u0435\u0436\u0438\u043c\u0438 \u0438 \u043f\u0440\u0438\u043f\u043e\u0434\u043d\u044f\u0442\u044b\u043c\u0438.<\/p>\n","protected":false},"excerpt":{"rendered":"<p class=\"product_title entry-title\">\u043f\u0440\u0438\u0434\u0430\u044e\u0449\u0438\u0439 \u043e\u0431\u044a\u0435\u043c \u043f\u043e\u0440\u043e\u0448\u043e\u043a<\/p>\n","protected":false},"featured_media":43811,"comment_status":"open","ping_status":"closed","template":"","meta":[],"product_cat":[861,866,867],"product_tag":[],"jetpack_sharing_enabled":true,"price":"30.39","stock":"instock","image":"<img width=\"300\" height=\"300\" src=\"https:\/\/i0.wp.com\/ismile.ee\/wp-content\/uploads\/2021\/04\/rco-voluumi-andev-kuivsampoon.png?resize=300%2C300&amp;ssl=1\" class=\"attachment-woocommerce_thumbnail size-woocommerce_thumbnail\" alt=\"r+co vol\u00fc\u00fcmi andev kuiv\u0161ampoon\" decoding=\"async\" loading=\"lazy\" srcset=\"https:\/\/i0.wp.com\/ismile.ee\/wp-content\/uploads\/2021\/04\/rco-voluumi-andev-kuivsampoon.png?w=1024&amp;ssl=1 1024w, https:\/\/i0.wp.com\/ismile.ee\/wp-content\/uploads\/2021\/04\/rco-voluumi-andev-kuivsampoon.png?resize=300%2C300&amp;ssl=1 300w, https:\/\/i0.wp.com\/ismile.ee\/wp-content\/uploads\/2021\/04\/rco-voluumi-andev-kuivsampoon.png?resize=150%2C150&amp;ssl=1 150w, https:\/\/i0.wp.com\/ismile.ee\/wp-content\/uploads\/2021\/04\/rco-voluumi-andev-kuivsampoon.png?resize=768%2C768&amp;ssl=1 768w, https:\/\/i0.wp.com\/ismile.ee\/wp-content\/uploads\/2021\/04\/rco-voluumi-andev-kuivsampoon.png?resize=30%2C30&amp;ssl=1 30w, https:\/\/i0.wp.com\/ismile.ee\/wp-content\/uploads\/2021\/04\/rco-voluumi-andev-kuivsampoon.png?resize=640%2C640&amp;ssl=1 640w, https:\/\/i0.wp.com\/ismile.ee\/wp-content\/uploads\/2021\/04\/rco-voluumi-andev-kuivsampoon.png?resize=400%2C400&amp;ssl=1 400w, https:\/\/i0.wp.com\/ismile.ee\/wp-content\/uploads\/2021\/04\/rco-voluumi-andev-kuivsampoon.png?resize=85%2C85&amp;ssl=1 85w, https:\/\/i0.wp.com\/ismile.ee\/wp-content\/uploads\/2021\/04\/rco-voluumi-andev-kuivsampoon.png?resize=600%2C600&amp;ssl=1 600w, https:\/\/i0.wp.com\/ismile.ee\/wp-content\/uploads\/2021\/04\/rco-voluumi-andev-kuivsampoon.png?resize=32%2C32&amp;ssl=1 32w, https:\/\/i0.wp.com\/ismile.ee\/wp-content\/uploads\/2021\/04\/rco-voluumi-andev-kuivsampoon.png?resize=60%2C60&amp;ssl=1 60w, https:\/\/i0.wp.com\/ismile.ee\/wp-content\/uploads\/2021\/04\/rco-voluumi-andev-kuivsampoon.png?resize=90%2C90&amp;ssl=1 90w\" sizes=\"(max-width: 300px) 100vw, 300px\" \/>","_links":{"self":[{"href":"https:\/\/ismile.ee\/ru\/wp-json\/wp\/v2\/product\/45435"}],"collection":[{"href":"https:\/\/ismile.ee\/ru\/wp-json\/wp\/v2\/product"}],"about":[{"href":"https:\/\/ismile.ee\/ru\/wp-json\/wp\/v2\/types\/product"}],"replies":[{"embeddable":true,"href":"https:\/\/ismile.ee\/ru\/wp-json\/wp\/v2\/comments?post=45435"}],"wp:featuredmedia":[{"embeddable":true,"href":"https:\/\/ismile.ee\/ru\/wp-json\/wp\/v2\/media\/43811"}],"wp:attachment":[{"href":"https:\/\/ismile.ee\/ru\/wp-json\/wp\/v2\/media?parent=45435"}],"wp:term":[{"taxonomy":"product_cat","embeddable":true,"href":"https:\/\/ismile.ee\/ru\/wp-json\/wp\/v2\/product_cat?post=45435"},{"taxonomy":"product_tag","embeddable":true,"href":"https:\/\/ismile.ee\/ru\/wp-json\/wp\/v2\/product_tag?post=45435"}],"curies":[{"name":"wp","href":"https:\/\/api.w.org\/{rel}","templated":true}]}}